{"id":921,"date":"2024-03-18T14:16:19","date_gmt":"2024-03-18T13:16:19","guid":{"rendered":"https:\/\/langwidelocalization.com\/soluciones-globales\/"},"modified":"2024-09-25T22:40:22","modified_gmt":"2024-09-25T20:40:22","slug":"soluciones-globales","status":"publish","type":"page","link":"https:\/\/langwidelocalization.com\/es\/soluciones-globales\/","title":{"rendered":"Soluciones globales"},"content":{"rendered":"<p>[et_pb_section fb_built=\u00bb1&#8243; _builder_version=\u00bb4.24.0&#8243; _module_preset=\u00bbdefault\u00bb background_enable_color=\u00bboff\u00bb use_background_color_gradient=\u00bbon\u00bb background_color_gradient_repeat=\u00bbon\u00bb background_color_gradient_direction=\u00bb210deg\u00bb background_color_gradient_stops=\u00bb#00b0db 0%|#29c4a9 100%\u00bb global_colors_info=\u00bb{}\u00bb][et_pb_row _builder_version=\u00bb4.24.0&#8243; _module_preset=\u00bbdefault\u00bb max_width=\u00bb80%\u00bb global_colors_info=\u00bb{}\u00bb][et_pb_column type=\u00bb4_4&#8243; _builder_version=\u00bb4.24.0&#8243; _module_preset=\u00bbdefault\u00bb global_colors_info=\u00bb{}\u00bb][et_pb_divider color=\u00bb#E09900&#8243; divider_weight=\u00bb4px\u00bb _builder_version=\u00bb4.16&#8243; max_width=\u00bb80px\u00bb height=\u00bb4px\u00bb locked=\u00bboff\u00bb global_colors_info=\u00bb{}\u00bb][\/et_pb_divider][et_pb_text _builder_version=\u00bb4.23.1&#8243; text_font=\u00bbLato||||||||\u00bb text_font_size=\u00bb16px\u00bb text_line_height=\u00bb2em\u00bb header_2_font=\u00bbRubik|700||on|||||\u00bb header_2_font_size=\u00bb44px\u00bb header_2_letter_spacing=\u00bb1px\u00bb header_2_line_height=\u00bb1.3em\u00bb background_layout=\u00bbdark\u00bb animation_style=\u00bbslide\u00bb animation_direction=\u00bbleft\u00bb header_2_font_size_tablet=\u00bb34px\u00bb header_2_font_size_phone=\u00bb24px\u00bb header_2_font_size_last_edited=\u00bbon|phone\u00bb locked=\u00bboff\u00bb global_colors_info=\u00bb{}\u00bb header_font_size__hover=\u00bb30px\u00bb header_font_size__hover_enabled=\u00bb30px\u00bb header_letter_spacing__hover=\u00bb0px\u00bb header_letter_spacing__hover_enabled=\u00bb0px\u00bb header_text_shadow_style__hover=\u00bbnone\u00bb header_text_shadow_style__hover_enabled=\u00bbnone\u00bb header_text_shadow_color__hover=\u00bbrgba(0,0,0,0.4)\u00bb header_text_shadow_color__hover_enabled=\u00bbrgba(0,0,0,0.4)\u00bb]<\/p>\n<h2><span data-sheets-root=\"1\" data-sheets-value=\"{\"1\":2,\"2\":\"Global Solutions\"}\" data-sheets-userformat=\"{\"2\":513,\"3\":{\"1\":0},\"12\":0}\">Soluciones globales<\/span><\/h2>\n<p>[\/et_pb_text][et_pb_text _builder_version=\u00bb4.23.1&#8243; text_font=\u00bbLato||||||||\u00bb text_text_color=\u00bb#FFFFFF\u00bb text_font_size=\u00bb19px\u00bb text_line_height=\u00bb2em\u00bb header_2_font=\u00bbRubik|500||on|||||\u00bb header_2_font_size=\u00bb44px\u00bb header_2_letter_spacing=\u00bb1px\u00bb header_2_line_height=\u00bb1.3em\u00bb background_layout=\u00bbdark\u00bb locked=\u00bboff\u00bb global_colors_info=\u00bb{}\u00bb header_font_size__hover=\u00bb30px\u00bb header_font_size__hover_enabled=\u00bb30px\u00bb header_letter_spacing__hover=\u00bb0px\u00bb header_letter_spacing__hover_enabled=\u00bb0px\u00bb header_text_shadow_style__hover=\u00bbnone\u00bb header_text_shadow_style__hover_enabled=\u00bbnone\u00bb header_text_shadow_color__hover=\u00bbrgba(0,0,0,0.4)\u00bb header_text_shadow_color__hover_enabled=\u00bbrgba(0,0,0,0.4)\u00bb]<\/p>\n<p><span data-sheets-root=\"1\" data-sheets-value=\"{\" 1=\"\" :2=\"\" 2=\"\" :=\"\" navigate=\"\" the=\"\" global=\"\" landscape=\"\" with=\"\" our=\"\" tailored=\"\" solutions=\"\" n=\"\" nour=\"\" offer=\"\" strategic=\"\" guidance=\"\" localization=\"\" strategy=\"\" consultancy=\"\" multilingual=\"\" staffing=\"\" and=\"\" comprehensive=\"\" project=\"\" management=\"\" services=\"\" empower=\"\" you=\"\" to=\"\" diverse=\"\" cultures=\"\" regulations=\"\" markets=\"\" embrace=\"\" a=\"\" holistic=\"\" approach=\"\" that=\"\" ensures=\"\" your=\"\" content=\"\" resonates=\"\" authentically=\"\" teams=\"\" communicate=\"\" seamlessly=\"\" initiatives=\"\" thrive=\"\" in=\"\" ever-evolving=\"\" international=\"\" nwith=\"\" language=\"\" media=\"\" creation=\"\" expertise=\"\" ai=\"\" automation=\"\" strategies=\"\" we=\"\" re=\"\" partners=\"\" conquering=\"\" stage=\"\" let=\"\" s=\"\" craft=\"\" success=\"\" stories=\"\" together=\"\" data-sheets-userformat=\"{\" :769=\"\" 3=\"\" :0=\"\" 11=\"\" :4=\"\" 12=\"\" data-sheets-textstyleruns=\"{\" :489=\"\" :16711680=\"\" 5=\"\" :1=\"\"><strong>\u00a1Navega por el panorama global con nuestras Soluciones Globales a medida!<\/strong><br \/>Nuestras soluciones globales ofrecen orientaci\u00f3n estrat\u00e9gica. La consultor\u00eda estrat\u00e9gica de localizaci\u00f3n, la selecci\u00f3n de personal multiling\u00fce y los servicios integrales de gesti\u00f3n de proyectos te permiten desenvolverte en diversas culturas, normativas y mercados. Adopta un enfoque hol\u00edstico que garantice que tu contenido resuene con autenticidad, que tus equipos se comuniquen sin problemas y que tus iniciativas globales prosperen en un panorama internacional en constante evoluci\u00f3n. <\/span><\/p>\n<p>Con nuestros servicios ling\u00fc\u00edsticos, soluciones multimedia, experiencia en creaci\u00f3n de contenidos, soluciones de IA y automatizaci\u00f3n, y estrategias globales a medida, somos tus socios para conquistar el escenario global. \u00a1Creemos juntos historias de \u00e9xito!<\/p>\n<p>&nbsp;<\/p>\n<p>[\/et_pb_text][\/et_pb_column][\/et_pb_row][et_pb_row column_structure=\u00bb1_3,1_3,1_3&#8243; _builder_version=\u00bb4.27.0&#8243; _module_preset=\u00bbdefault\u00bb max_width=\u00bb80%\u00bb hover_enabled=\u00bb0&#8243; global_colors_info=\u00bb{}\u00bb make_equal=\u00bbon\u00bb sticky_enabled=\u00bb0&#8243;][et_pb_column type=\u00bb1_3&#8243; _builder_version=\u00bb4.27.0&#8243; _module_preset=\u00bbdefault\u00bb hover_enabled=\u00bb0&#8243; global_colors_info=\u00bb{}\u00bb custom_css_main_element=\u00bbdisplay: flex;||flex-direction: column;\u00bb sticky_enabled=\u00bb0&#8243;][et_pb_image src=\u00bbhttps:\/\/langwidelocalization.com\/wp-content\/uploads\/2024\/06\/blurb2_0001s_0023_IMG_1174.webp\u00bb title_text=\u00bbblurb2_0001s_0023_IMG_1174&#8243; align=\u00bbcenter\u00bb _builder_version=\u00bb4.25.1&#8243; _module_preset=\u00bbdefault\u00bb width=\u00bb60%\u00bb global_colors_info=\u00bb{}\u00bb][\/et_pb_image][et_pb_text _builder_version=\u00bb4.27.0&#8243; text_font=\u00bbLato||||||||\u00bb text_font_size=\u00bb16px\u00bb text_line_height=\u00bb2em\u00bb header_2_font=\u00bbRubik|700||on|||||\u00bb header_2_text_align=\u00bbleft\u00bb header_2_font_size=\u00bb23px\u00bb header_2_letter_spacing=\u00bb1px\u00bb header_2_line_height=\u00bb1.3em\u00bb background_layout=\u00bbdark\u00bb custom_margin=\u00bb||0px|||\u00bb animation_style=\u00bbslide\u00bb animation_direction=\u00bbleft\u00bb hover_enabled=\u00bb0&#8243; header_2_font_size_tablet=\u00bb34px\u00bb header_2_font_size_phone=\u00bb24px\u00bb header_2_font_size_last_edited=\u00bbon|phone\u00bb locked=\u00bboff\u00bb global_colors_info=\u00bb{}\u00bb header_font_size__hover=\u00bb30px\u00bb header_font_size__hover_enabled=\u00bb30px\u00bb header_letter_spacing__hover=\u00bb0px\u00bb header_letter_spacing__hover_enabled=\u00bb0px\u00bb header_text_shadow_style__hover=\u00bbnone\u00bb header_text_shadow_style__hover_enabled=\u00bbnone\u00bb header_text_shadow_color__hover=\u00bbrgba(0,0,0,0.4)\u00bb header_text_shadow_color__hover_enabled=\u00bbrgba(0,0,0,0.4)\u00bb sticky_enabled=\u00bb0&#8243;]<\/p>\n<h2><span data-sheets-root=\"1\" data-sheets-value=\"{\" 1=\"\" :2=\"\" 2=\"\" :=\"\" multilingual=\"\" staffing=\"\" data-sheets-userformat=\"{\" :513=\"\" 3=\"\" :0=\"\" 12=\"\">Contrataci\u00f3n multiling\u00fce<\/span><\/h2>\n<p>[\/et_pb_text][et_pb_text _builder_version=\u00bb4.23.1&#8243; text_font=\u00bbLato||||||||\u00bb text_font_size=\u00bb19px\u00bb text_line_height=\u00bb2em\u00bb background_layout=\u00bbdark\u00bb animation_style=\u00bbfade\u00bb locked=\u00bboff\u00bb global_colors_info=\u00bb{}\u00bb]<\/p>\n<p><span data-sheets-root=\"1\" data-sheets-value=\"{\"1\":2,\"2\":\"Build a diverse and talented team with our Multilingual Staffing services. Connect with skilled professionals proficient in various languages to ensure effective communication in a globalized world.\"}\" data-sheets-userformat=\"{\"2\":769,\"3\":{\"1\":0},\"11\":4,\"12\":0}\">Crea un equipo diverso y con talento con nuestros servicios de selecci\u00f3n de personal multiling\u00fce. Conecta con profesionales cualificados que dominen varios idiomas para garantizar una comunicaci\u00f3n eficaz en un mundo globalizado. <\/span><\/p>\n<p>[\/et_pb_text][et_pb_button button_url=\u00bb@ET-DC@eyJkeW5hbWljIjp0cnVlLCJjb250ZW50IjoicG9zdF9saW5rX3VybF9wYWdlIiwic2V0dGluZ3MiOnsicG9zdF9pZCI6IjkwNyJ9fQ==@\u00bb button_text=\u00bbleer m\u00e1s\u00bb button_alignment=\u00bbright\u00bb _builder_version=\u00bb4.27.0&#8243; _dynamic_attributes=\u00bbbutton_url\u00bb custom_button=\u00bbon\u00bb button_text_size=\u00bb14px\u00bb button_text_color=\u00bb#091744&#8243; button_bg_color=\u00bb#fb8500&#8243; button_border_width=\u00bb0px\u00bb button_border_radius=\u00bb100px\u00bb button_letter_spacing=\u00bb1px\u00bb button_font=\u00bbRubik|500||on|||||\u00bb custom_padding=\u00bb16px|40px|16px|40px|true|true\u00bb hover_enabled=\u00bb0&#8243; button_letter_spacing_last_edited=\u00bboff|desktop\u00bb box_shadow_style=\u00bbpreset3&#8243; box_shadow_blur=\u00bb28px\u00bb box_shadow_color=\u00bbrgba(20,241,217,0.24)\u00bb locked=\u00bboff\u00bb global_colors_info=\u00bb{}\u00bb button_letter_spacing__hover=\u00bb2px\u00bb button_letter_spacing__hover_enabled=\u00bbon\u00bb sticky_enabled=\u00bb0&#8243; custom_margin=\u00bbauto||||false|false\u00bb][\/et_pb_button][\/et_pb_column][et_pb_column type=\u00bb1_3&#8243; _builder_version=\u00bb4.27.0&#8243; _module_preset=\u00bbdefault\u00bb hover_enabled=\u00bb0&#8243; global_colors_info=\u00bb{}\u00bb custom_css_main_element=\u00bbdisplay: flex;||flex-direction: column;\u00bb sticky_enabled=\u00bb0&#8243;][et_pb_image src=\u00bbhttps:\/\/langwidelocalization.com\/wp-content\/uploads\/2024\/06\/blurb1_0000s_0021_IMG_7047.webp\u00bb title_text=\u00bbblurb1_0000s_0021_IMG_7047&#8243; align=\u00bbcenter\u00bb _builder_version=\u00bb4.25.1&#8243; _module_preset=\u00bbdefault\u00bb width=\u00bb60%\u00bb custom_padding=\u00bb||10px||false|false\u00bb global_colors_info=\u00bb{}\u00bb][\/et_pb_image][et_pb_text _builder_version=\u00bb4.24.0&#8243; text_font=\u00bbLato||||||||\u00bb text_font_size=\u00bb16px\u00bb text_line_height=\u00bb2em\u00bb header_2_font=\u00bbRubik|700||on|||||\u00bb header_2_text_align=\u00bbleft\u00bb header_2_font_size=\u00bb23px\u00bb header_2_letter_spacing=\u00bb1px\u00bb header_2_line_height=\u00bb1.3em\u00bb background_layout=\u00bbdark\u00bb custom_margin=\u00bb||0px|||\u00bb animation_style=\u00bbslide\u00bb animation_direction=\u00bbleft\u00bb header_2_font_size_tablet=\u00bb34px\u00bb header_2_font_size_phone=\u00bb24px\u00bb header_2_font_size_last_edited=\u00bbon|phone\u00bb locked=\u00bboff\u00bb global_colors_info=\u00bb{}\u00bb header_font_size__hover=\u00bb30px\u00bb header_font_size__hover_enabled=\u00bb30px\u00bb header_letter_spacing__hover=\u00bb0px\u00bb header_letter_spacing__hover_enabled=\u00bb0px\u00bb header_text_shadow_style__hover=\u00bbnone\u00bb header_text_shadow_style__hover_enabled=\u00bbnone\u00bb header_text_shadow_color__hover=\u00bbrgba(0,0,0,0.4)\u00bb header_text_shadow_color__hover_enabled=\u00bbrgba(0,0,0,0.4)\u00bb]<\/p>\n<h2><span data-sheets-root=\"1\" data-sheets-value=\"{\"1\":2,\"2\":\"Localization strategy consultancy*\"}\" data-sheets-userformat=\"{\"2\":513,\"3\":{\"1\":0},\"12\":0}\">Consultor\u00eda estrat\u00e9gica de localizaci\u00f3n<\/span><\/h2>\n<p>[\/et_pb_text][et_pb_text _builder_version=\u00bb4.23.1&#8243; text_font=\u00bbLato||||||||\u00bb text_font_size=\u00bb19px\u00bb text_line_height=\u00bb2em\u00bb background_layout=\u00bbdark\u00bb animation_style=\u00bbfade\u00bb locked=\u00bboff\u00bb global_colors_info=\u00bb{}\u00bb]<\/p>\n<p><span data-sheets-root=\"1\" data-sheets-value=\"{\"1\":2,\"2\":\"Navigate the global market with confidence through our Localization Strategy Consultancy services. Our experts assist you in developing a tailored localization strategy aligned with your business goals, ensuring success in every market you enter.\"}\" data-sheets-userformat=\"{\"2\":769,\"3\":{\"1\":0},\"11\":4,\"12\":0}\">Navega por el mercado global con confianza gracias a nuestros servicios de consultor\u00eda en estrategia de localizaci\u00f3n. Nuestros expertos te ayudan a desarrollar una estrategia de localizaci\u00f3n a medida, alineada con tus objetivos empresariales, que garantice el \u00e9xito en todos los mercados en los que entres. <\/span><\/p>\n<p>[\/et_pb_text][et_pb_button button_url=\u00bb@ET-DC@eyJkeW5hbWljIjp0cnVlLCJjb250ZW50IjoicG9zdF9saW5rX3VybF9wYWdlIiwic2V0dGluZ3MiOnsicG9zdF9pZCI6IjkwNiJ9fQ==@\u00bb button_text=\u00bbleer m\u00e1s\u00bb button_alignment=\u00bbright\u00bb _builder_version=\u00bb4.27.0&#8243; _dynamic_attributes=\u00bbbutton_url\u00bb custom_button=\u00bbon\u00bb button_text_size=\u00bb14px\u00bb button_text_color=\u00bb#091744&#8243; button_bg_color=\u00bb#fb8500&#8243; button_border_width=\u00bb0px\u00bb button_border_radius=\u00bb100px\u00bb button_letter_spacing=\u00bb1px\u00bb button_font=\u00bbRubik|500||on|||||\u00bb custom_padding=\u00bb16px|40px|16px|40px|true|true\u00bb hover_enabled=\u00bb0&#8243; button_letter_spacing_last_edited=\u00bboff|desktop\u00bb box_shadow_style=\u00bbpreset3&#8243; box_shadow_blur=\u00bb28px\u00bb box_shadow_color=\u00bbrgba(20,241,217,0.24)\u00bb locked=\u00bboff\u00bb global_colors_info=\u00bb{}\u00bb button_letter_spacing__hover=\u00bb2px\u00bb button_letter_spacing__hover_enabled=\u00bbon\u00bb sticky_enabled=\u00bb0&#8243;][\/et_pb_button][\/et_pb_column][et_pb_column type=\u00bb1_3&#8243; _builder_version=\u00bb4.27.0&#8243; _module_preset=\u00bbdefault\u00bb hover_enabled=\u00bb0&#8243; global_colors_info=\u00bb{}\u00bb custom_css_main_element=\u00bbdisplay: flex;||flex-direction: column;\u00bb sticky_enabled=\u00bb0&#8243;][\/et_pb_column][\/et_pb_row][\/et_pb_section][et_pb_section fb_built=\u00bb1&#8243; admin_label=\u00bbFooter\u00bb _builder_version=\u00bb4.23.1&#8243; background_color=\u00bb#023047&#8243; use_background_color_gradient=\u00bbon\u00bb background_color_gradient_stops=\u00bb#023047 0%|rgba(9,23,68,0) 100%\u00bb background_color_gradient_overlays_image=\u00bbon\u00bb background_color_gradient_start=\u00bb#091744&#8243; background_color_gradient_end=\u00bbrgba(9,23,68,0)\u00bb background_enable_image=\u00bboff\u00bb custom_padding=\u00bb6vw|0px|16vw|0px|false|false\u00bb global_colors_info=\u00bb{}\u00bb][et_pb_row column_structure=\u00bb3_4,1_4&#8243; custom_padding_last_edited=\u00bbon|phone\u00bb padding_top_bottom_link_1=\u00bbtrue\u00bb padding_left_right_link_1=\u00bbtrue\u00bb module_class=\u00bb et_pb_row_fullwidth\u00bb _builder_version=\u00bb4.23.1&#8243; use_background_color_gradient=\u00bbon\u00bb background_color_gradient_direction=\u00bb210deg\u00bb background_color_gradient_stops=\u00bb#00b0db 0%|#1a448b 100%\u00bb background_color_gradient_start=\u00bb#00b0db\u00bb background_color_gradient_end=\u00bb#1a448b\u00bb width=\u00bb89%\u00bb width_tablet=\u00bb80%\u00bb width_phone=\u00bb80%\u00bb width_last_edited=\u00bbon|desktop\u00bb max_width=\u00bb89%\u00bb max_width_tablet=\u00bb80%\u00bb max_width_phone=\u00bb80%\u00bb max_width_last_edited=\u00bbon|desktop\u00bb custom_padding=\u00bb60px|60px|60px|60px|true|true\u00bb custom_padding_tablet=\u00bb\u00bb custom_padding_phone=\u00bb40px|40px|40px|40px|true|true\u00bb animation_style=\u00bbzoom\u00bb animation_direction=\u00bbbottom\u00bb border_radii=\u00bbon|10px|10px|10px|10px\u00bb box_shadow_style=\u00bbpreset7&#8243; box_shadow_horizontal=\u00bb0px\u00bb box_shadow_vertical=\u00bb3px\u00bb box_shadow_color=\u00bbrgba(255,255,255,0.21)\u00bb make_fullwidth=\u00bbon\u00bb custom_width_px__hover=\u00bb1080px\u00bb custom_width_px__hover_enabled=\u00bb1080px\u00bb custom_width_percent__hover=\u00bb80%\u00bb custom_width_percent__hover_enabled=\u00bb80%\u00bb global_colors_info=\u00bb{}\u00bb make_fullwidth__hover=\u00bboff\u00bb make_fullwidth__hover_enabled=\u00bboff\u00bb use_custom_width__hover=\u00bboff\u00bb use_custom_width__hover_enabled=\u00bboff\u00bb width_unit__hover=\u00bbon\u00bb width_unit__hover_enabled=\u00bbon\u00bb use_custom_gutter__hover=\u00bboff\u00bb use_custom_gutter__hover_enabled=\u00bboff\u00bb gutter_width__hover=\u00bb3&#8243; gutter_width__hover_enabled=\u00bb3&#8243; make_equal__hover=\u00bboff\u00bb make_equal__hover_enabled=\u00bboff\u00bb][et_pb_column type=\u00bb3_4&#8243; _builder_version=\u00bb4.16&#8243; custom_padding=\u00bb|||\u00bb global_colors_info=\u00bb{}\u00bb custom_padding__hover=\u00bb|||\u00bb][et_pb_divider color=\u00bb#E09900&#8243; divider_weight=\u00bb4px\u00bb _builder_version=\u00bb4.16&#8243; max_width=\u00bb80px\u00bb height=\u00bb4px\u00bb locked=\u00bboff\u00bb global_colors_info=\u00bb{}\u00bb][\/et_pb_divider][et_pb_text _builder_version=\u00bb4.16&#8243; text_font=\u00bbLato||||||||\u00bb text_font_size=\u00bb16px\u00bb text_line_height=\u00bb2em\u00bb header_2_font=\u00bbRubik|700||on|||||\u00bb header_2_font_size=\u00bb44px\u00bb header_2_letter_spacing=\u00bb1px\u00bb header_2_line_height=\u00bb1.3em\u00bb background_layout=\u00bbdark\u00bb header_2_font_size_tablet=\u00bb34px\u00bb header_2_font_size_phone=\u00bb24px\u00bb header_2_font_size_last_edited=\u00bbon|phone\u00bb locked=\u00bboff\u00bb global_colors_info=\u00bb{}\u00bb header_font_size__hover=\u00bb30px\u00bb header_font_size__hover_enabled=\u00bb30px\u00bb header_letter_spacing__hover=\u00bb0px\u00bb header_letter_spacing__hover_enabled=\u00bb0px\u00bb header_text_shadow_style__hover=\u00bbnone\u00bb header_text_shadow_style__hover_enabled=\u00bbnone\u00bb header_text_shadow_color__hover=\u00bbrgba(0,0,0,0.4)\u00bb header_text_shadow_color__hover_enabled=\u00bbrgba(0,0,0,0.4)\u00bb]<\/p>\n<h2>\u00danete al equipo. <\/h2>\n<p>[\/et_pb_text][\/et_pb_column][et_pb_column type=\u00bb1_4&#8243; _builder_version=\u00bb4.16&#8243; custom_padding=\u00bb48px|||\u00bb custom_padding_tablet=\u00bb0px|||||\u00bb custom_padding_phone=\u00bb0px|||||\u00bb custom_padding_last_edited=\u00bbon|desktop\u00bb global_colors_info=\u00bb{}\u00bb padding_tablet=\u00bb0px|||||\u00bb padding_last_edited=\u00bbon|desktop\u00bb custom_padding__hover=\u00bb|||\u00bb padding_phone=\u00bb0px|||||\u00bb][et_pb_button button_url=\u00bb@ET-DC@eyJkeW5hbWljIjp0cnVlLCJjb250ZW50IjoicG9zdF9saW5rX3VybF9wYWdlIiwic2V0dGluZ3MiOnsicG9zdF9pZCI6IjExNjMifX0=@\u00bb button_text=\u00bbCONT\u00c1CTANOS\u00bb button_alignment=\u00bbright\u00bb _builder_version=\u00bb4.27.0&#8243; _dynamic_attributes=\u00bbbutton_url\u00bb custom_button=\u00bbon\u00bb button_text_size=\u00bb14px\u00bb button_text_color=\u00bb#091744&#8243; button_bg_color=\u00bb#fb8500&#8243; button_border_width=\u00bb0px\u00bb button_border_radius=\u00bb100px\u00bb button_letter_spacing=\u00bb1px\u00bb button_font=\u00bbRubik|500||on|||||\u00bb custom_padding=\u00bb16px|40px|16px|40px|true|true\u00bb button_letter_spacing_last_edited=\u00bboff|desktop\u00bb box_shadow_style=\u00bbpreset3&#8243; box_shadow_blur=\u00bb28px\u00bb box_shadow_color=\u00bbrgba(20,241,217,0.24)\u00bb locked=\u00bboff\u00bb global_colors_info=\u00bb{}\u00bb button_letter_spacing__hover=\u00bb2px\u00bb button_letter_spacing__hover_enabled=\u00bbon\u00bb][\/et_pb_button][\/et_pb_column][\/et_pb_row][\/et_pb_section]<\/p>\n","protected":false},"excerpt":{"rendered":"<p>Soluciones globales\u00a1Navega por el panorama global con nuestras Soluciones Globales a medida!Nuestras soluciones globales ofrecen orientaci\u00f3n estrat\u00e9gica. La consultor\u00eda estrat\u00e9gica de localizaci\u00f3n, la selecci\u00f3n de personal multiling\u00fce y los servicios integrales de gesti\u00f3n de proyectos te permiten desenvolverte en diversas culturas, normativas y mercados. Adopta un enfoque hol\u00edstico que garantice que tu contenido resuene con [&hellip;]<\/p>\n","protected":false},"author":2,"featured_media":0,"parent":0,"menu_order":0,"comment_status":"closed","ping_status":"closed","template":"","meta":{"_et_pb_use_builder":"on","_et_pb_old_content":"","_et_gb_content_width":"","content-type":"","footnotes":""},"class_list":["post-921","page","type-page","status-publish","hentry"],"yoast_head":"<!-- This site is optimized with the Yoast SEO plugin v27.4 - https:\/\/yoast.com\/product\/yoast-seo-wordpress\/ -->\n<title>Soluciones globales - Langwide Localization Solutions<\/title>\n<meta name=\"robots\" content=\"index, follow, max-snippet:-1, max-image-preview:large, max-video-preview:-1\" \/>\n<link rel=\"canonical\" href=\"https:\/\/langwidelocalization.com\/es\/soluciones-globales\/\" \/>\n<meta property=\"og:locale\" content=\"es_ES\" \/>\n<meta property=\"og:type\" content=\"article\" \/>\n<meta property=\"og:title\" content=\"Soluciones globales - Langwide Localization Solutions\" \/>\n<meta property=\"og:description\" content=\"Soluciones globales\u00a1Navega por el panorama global con nuestras Soluciones Globales a medida!Nuestras soluciones globales ofrecen orientaci\u00f3n estrat\u00e9gica. La consultor\u00eda estrat\u00e9gica de localizaci\u00f3n, la selecci\u00f3n de personal multiling\u00fce y los servicios integrales de gesti\u00f3n de proyectos te permiten desenvolverte en diversas culturas, normativas y mercados. Adopta un enfoque hol\u00edstico que garantice que tu contenido resuene con [&hellip;]\" \/>\n<meta property=\"og:url\" content=\"https:\/\/langwidelocalization.com\/es\/soluciones-globales\/\" \/>\n<meta property=\"og:site_name\" content=\"Langwide Localization Solutions\" \/>\n<meta property=\"article:modified_time\" content=\"2024-09-25T20:40:22+00:00\" \/>\n<meta name=\"twitter:card\" content=\"summary_large_image\" \/>\n<meta name=\"twitter:label1\" content=\"Tiempo de lectura\" \/>\n\t<meta name=\"twitter:data1\" content=\"9 minutos\" \/>\n<script type=\"application\/ld+json\" class=\"yoast-schema-graph\">{\"@context\":\"https:\\\/\\\/schema.org\",\"@graph\":[{\"@type\":\"WebPage\",\"@id\":\"https:\\\/\\\/langwidelocalization.com\\\/es\\\/soluciones-globales\\\/\",\"url\":\"https:\\\/\\\/langwidelocalization.com\\\/es\\\/soluciones-globales\\\/\",\"name\":\"Soluciones globales - Langwide Localization Solutions\",\"isPartOf\":{\"@id\":\"https:\\\/\\\/langwidelocalization.com\\\/#website\"},\"datePublished\":\"2024-03-18T13:16:19+00:00\",\"dateModified\":\"2024-09-25T20:40:22+00:00\",\"breadcrumb\":{\"@id\":\"https:\\\/\\\/langwidelocalization.com\\\/es\\\/soluciones-globales\\\/#breadcrumb\"},\"inLanguage\":\"es\",\"potentialAction\":[{\"@type\":\"ReadAction\",\"target\":[\"https:\\\/\\\/langwidelocalization.com\\\/es\\\/soluciones-globales\\\/\"]}]},{\"@type\":\"BreadcrumbList\",\"@id\":\"https:\\\/\\\/langwidelocalization.com\\\/es\\\/soluciones-globales\\\/#breadcrumb\",\"itemListElement\":[{\"@type\":\"ListItem\",\"position\":1,\"name\":\"Home\",\"item\":\"https:\\\/\\\/langwidelocalization.com\\\/es\\\/\"},{\"@type\":\"ListItem\",\"position\":2,\"name\":\"Soluciones globales\"}]},{\"@type\":\"WebSite\",\"@id\":\"https:\\\/\\\/langwidelocalization.com\\\/#website\",\"url\":\"https:\\\/\\\/langwidelocalization.com\\\/\",\"name\":\"Langwide Localization Solutions\",\"description\":\"\",\"potentialAction\":[{\"@type\":\"SearchAction\",\"target\":{\"@type\":\"EntryPoint\",\"urlTemplate\":\"https:\\\/\\\/langwidelocalization.com\\\/?s={search_term_string}\"},\"query-input\":{\"@type\":\"PropertyValueSpecification\",\"valueRequired\":true,\"valueName\":\"search_term_string\"}}],\"inLanguage\":\"es\"}]}<\/script>\n<!-- \/ Yoast SEO plugin. -->","yoast_head_json":{"title":"Soluciones globales - Langwide Localization Solutions","robots":{"index":"index","follow":"follow","max-snippet":"max-snippet:-1","max-image-preview":"max-image-preview:large","max-video-preview":"max-video-preview:-1"},"canonical":"https:\/\/langwidelocalization.com\/es\/soluciones-globales\/","og_locale":"es_ES","og_type":"article","og_title":"Soluciones globales - Langwide Localization Solutions","og_description":"Soluciones globales\u00a1Navega por el panorama global con nuestras Soluciones Globales a medida!Nuestras soluciones globales ofrecen orientaci\u00f3n estrat\u00e9gica. La consultor\u00eda estrat\u00e9gica de localizaci\u00f3n, la selecci\u00f3n de personal multiling\u00fce y los servicios integrales de gesti\u00f3n de proyectos te permiten desenvolverte en diversas culturas, normativas y mercados. Adopta un enfoque hol\u00edstico que garantice que tu contenido resuene con [&hellip;]","og_url":"https:\/\/langwidelocalization.com\/es\/soluciones-globales\/","og_site_name":"Langwide Localization Solutions","article_modified_time":"2024-09-25T20:40:22+00:00","twitter_card":"summary_large_image","twitter_misc":{"Tiempo de lectura":"9 minutos"},"schema":{"@context":"https:\/\/schema.org","@graph":[{"@type":"WebPage","@id":"https:\/\/langwidelocalization.com\/es\/soluciones-globales\/","url":"https:\/\/langwidelocalization.com\/es\/soluciones-globales\/","name":"Soluciones globales - Langwide Localization Solutions","isPartOf":{"@id":"https:\/\/langwidelocalization.com\/#website"},"datePublished":"2024-03-18T13:16:19+00:00","dateModified":"2024-09-25T20:40:22+00:00","breadcrumb":{"@id":"https:\/\/langwidelocalization.com\/es\/soluciones-globales\/#breadcrumb"},"inLanguage":"es","potentialAction":[{"@type":"ReadAction","target":["https:\/\/langwidelocalization.com\/es\/soluciones-globales\/"]}]},{"@type":"BreadcrumbList","@id":"https:\/\/langwidelocalization.com\/es\/soluciones-globales\/#breadcrumb","itemListElement":[{"@type":"ListItem","position":1,"name":"Home","item":"https:\/\/langwidelocalization.com\/es\/"},{"@type":"ListItem","position":2,"name":"Soluciones globales"}]},{"@type":"WebSite","@id":"https:\/\/langwidelocalization.com\/#website","url":"https:\/\/langwidelocalization.com\/","name":"Langwide Localization Solutions","description":"","potentialAction":[{"@type":"SearchAction","target":{"@type":"EntryPoint","urlTemplate":"https:\/\/langwidelocalization.com\/?s={search_term_string}"},"query-input":{"@type":"PropertyValueSpecification","valueRequired":true,"valueName":"search_term_string"}}],"inLanguage":"es"}]}},"_links":{"self":[{"href":"https:\/\/langwidelocalization.com\/es\/wp-json\/wp\/v2\/pages\/921","targetHints":{"allow":["GET"]}}],"collection":[{"href":"https:\/\/langwidelocalization.com\/es\/wp-json\/wp\/v2\/pages"}],"about":[{"href":"https:\/\/langwidelocalization.com\/es\/wp-json\/wp\/v2\/types\/page"}],"author":[{"embeddable":true,"href":"https:\/\/langwidelocalization.com\/es\/wp-json\/wp\/v2\/users\/2"}],"replies":[{"embeddable":true,"href":"https:\/\/langwidelocalization.com\/es\/wp-json\/wp\/v2\/comments?post=921"}],"version-history":[{"count":6,"href":"https:\/\/langwidelocalization.com\/es\/wp-json\/wp\/v2\/pages\/921\/revisions"}],"predecessor-version":[{"id":1380,"href":"https:\/\/langwidelocalization.com\/es\/wp-json\/wp\/v2\/pages\/921\/revisions\/1380"}],"wp:attachment":[{"href":"https:\/\/langwidelocalization.com\/es\/wp-json\/wp\/v2\/media?parent=921"}],"curies":[{"name":"wp","href":"https:\/\/api.w.org\/{rel}","templated":true}]}}