{"id":932,"date":"2024-03-18T12:12:33","date_gmt":"2024-03-18T11:12:33","guid":{"rendered":"https:\/\/langwidelocalization.com\/creacion-de-contenidos\/"},"modified":"2024-09-25T22:37:28","modified_gmt":"2024-09-25T20:37:28","slug":"creacion-de-contenidos","status":"publish","type":"page","link":"https:\/\/langwidelocalization.com\/es\/creacion-de-contenidos\/","title":{"rendered":"Creaci\u00f3n de contenidos"},"content":{"rendered":"<p>[et_pb_section fb_built=\u00bb1&#8243; _builder_version=\u00bb4.24.0&#8243; _module_preset=\u00bbdefault\u00bb background_enable_color=\u00bboff\u00bb use_background_color_gradient=\u00bbon\u00bb background_color_gradient_repeat=\u00bbon\u00bb background_color_gradient_direction=\u00bb210deg\u00bb background_color_gradient_stops=\u00bb#00b0db 0%|#29c4a9 100%\u00bb global_colors_info=\u00bb{}\u00bb][et_pb_row _builder_version=\u00bb4.24.0&#8243; _module_preset=\u00bbdefault\u00bb max_width=\u00bb80%\u00bb global_colors_info=\u00bb{}\u00bb][et_pb_column type=\u00bb4_4&#8243; _builder_version=\u00bb4.24.0&#8243; _module_preset=\u00bbdefault\u00bb global_colors_info=\u00bb{}\u00bb][et_pb_divider color=\u00bb#E09900&#8243; divider_weight=\u00bb4px\u00bb _builder_version=\u00bb4.16&#8243; max_width=\u00bb80px\u00bb height=\u00bb4px\u00bb locked=\u00bboff\u00bb global_colors_info=\u00bb{}\u00bb][\/et_pb_divider][et_pb_text _builder_version=\u00bb4.23.1&#8243; text_font=\u00bbLato||||||||\u00bb text_font_size=\u00bb16px\u00bb text_line_height=\u00bb2em\u00bb header_2_font=\u00bbRubik|700||on|||||\u00bb header_2_font_size=\u00bb44px\u00bb header_2_letter_spacing=\u00bb1px\u00bb header_2_line_height=\u00bb1.3em\u00bb background_layout=\u00bbdark\u00bb animation_style=\u00bbslide\u00bb animation_direction=\u00bbleft\u00bb header_2_font_size_tablet=\u00bb34px\u00bb header_2_font_size_phone=\u00bb24px\u00bb header_2_font_size_last_edited=\u00bbon|phone\u00bb locked=\u00bboff\u00bb global_colors_info=\u00bb{}\u00bb header_font_size__hover=\u00bb30px\u00bb header_font_size__hover_enabled=\u00bb30px\u00bb header_letter_spacing__hover=\u00bb0px\u00bb header_letter_spacing__hover_enabled=\u00bb0px\u00bb header_text_shadow_style__hover=\u00bbnone\u00bb header_text_shadow_style__hover_enabled=\u00bbnone\u00bb header_text_shadow_color__hover=\u00bbrgba(0,0,0,0.4)\u00bb header_text_shadow_color__hover_enabled=\u00bbrgba(0,0,0,0.4)\u00bb]<\/p>\n<h2><span data-sheets-root=\"1\" data-sheets-value=\"{\"1\":2,\"2\":\"Language services\"}\" data-sheets-userformat=\"{\"2\":513,\"3\":{\"1\":0},\"12\":0}\">Creaci\u00f3n de contenidos<\/span><\/h2>\n<p>[\/et_pb_text][et_pb_text _builder_version=\u00bb4.23.1&#8243; text_font=\u00bbLato||||||||\u00bb text_text_color=\u00bb#FFFFFF\u00bb text_font_size=\u00bb19px\u00bb text_line_height=\u00bb2em\u00bb header_2_font=\u00bbRubik|500||on|||||\u00bb header_2_font_size=\u00bb44px\u00bb header_2_letter_spacing=\u00bb1px\u00bb header_2_line_height=\u00bb1.3em\u00bb background_layout=\u00bbdark\u00bb locked=\u00bboff\u00bb global_colors_info=\u00bb{}\u00bb header_font_size__hover=\u00bb30px\u00bb header_font_size__hover_enabled=\u00bb30px\u00bb header_letter_spacing__hover=\u00bb0px\u00bb header_letter_spacing__hover_enabled=\u00bb0px\u00bb header_text_shadow_style__hover=\u00bbnone\u00bb header_text_shadow_style__hover_enabled=\u00bbnone\u00bb header_text_shadow_color__hover=\u00bbrgba(0,0,0,0.4)\u00bb header_text_shadow_color__hover_enabled=\u00bbrgba(0,0,0,0.4)\u00bb]<\/p>\n<p><span data-sheets-root=\"1\" data-sheets-value=\"{\" 1=\"\" :2=\"\" 2=\"\" :=\"\" craft=\"\" compelling=\"\" stories=\"\" for=\"\" a=\"\" global=\"\" audience=\"\" with=\"\" our=\"\" content=\"\" creation=\"\" expertise=\"\" r=\"\" n=\"\" naspiring=\"\" creators=\"\" and=\"\" marketing=\"\" managers=\"\" immerse=\"\" yourselves=\"\" in=\"\" the=\"\" art=\"\" of=\"\" impactful=\"\" storytelling=\"\" services=\"\" go=\"\" beyond=\"\" language=\"\" barriers=\"\" offering=\"\" tailored=\"\" copywriting=\"\" transcreation=\"\" social=\"\" media=\"\" localization=\"\" whether=\"\" you=\"\" re=\"\" shaping=\"\" brand=\"\" narratives=\"\" launching=\"\" international=\"\" campaigns=\"\" or=\"\" creating=\"\" educational=\"\" team=\"\" ensures=\"\" your=\"\" message=\"\" is=\"\" not=\"\" just=\"\" translated=\"\" but=\"\" culturally=\"\" adapted=\"\" ensuring=\"\" maximum=\"\" impact=\"\" across=\"\" borders=\"\" data-sheets-userformat=\"{\" :769=\"\" 3=\"\" :0=\"\" 11=\"\" :4=\"\" 12=\"\"><strong>\u00a1Crea historias atractivas para una audiencia global con nuestra experiencia en creaci\u00f3n de contenidos!<\/strong><br \/>Aspirantes a creadores de contenidos y directores de marketing, sumerg\u00edos en el arte de la narraci\u00f3n con impacto. Nuestros servicios de creaci\u00f3n de contenidos van m\u00e1s all\u00e1 de las barreras ling\u00fc\u00edsticas, ofreciendo copywriting a medida y transcreaci\u00f3n. Tanto si est\u00e1s dando forma a la narrativa de una marca, lanzando campa\u00f1as internacionales o creando contenidos educativos, nuestro equipo se asegura de que tu mensaje no s\u00f3lo se traduzca, sino que se adapte culturalmente, garantizando el m\u00e1ximo impacto m\u00e1s all\u00e1 de las fronteras. <\/span><\/p>\n<p>&nbsp;<\/p>\n<p>[\/et_pb_text][\/et_pb_column][\/et_pb_row][et_pb_row column_structure=\u00bb1_3,1_3,1_3&#8243; _builder_version=\u00bb4.27.0&#8243; _module_preset=\u00bbdefault\u00bb max_width=\u00bb80%\u00bb hover_enabled=\u00bb0&#8243; global_colors_info=\u00bb{}\u00bb make_equal=\u00bbon\u00bb sticky_enabled=\u00bb0&#8243;][et_pb_column type=\u00bb1_3&#8243; _builder_version=\u00bb4.27.0&#8243; _module_preset=\u00bbdefault\u00bb hover_enabled=\u00bb0&#8243; global_colors_info=\u00bb{}\u00bb custom_css_main_element=\u00bbdisplay: flex;||flex-direction: column;\u00bb sticky_enabled=\u00bb0&#8243; background_color=\u00bbRGBA(255,255,255,0)\u00bb][et_pb_image src=\u00bbhttps:\/\/langwidelocalization.com\/wp-content\/uploads\/2024\/06\/blurb2_0001s_0005_P7110912-copia-2.webp\u00bb title_text=\u00bbblurb2_0001s_0005_P7110912-copia-2&#8243; align=\u00bbcenter\u00bb _builder_version=\u00bb4.25.1&#8243; _module_preset=\u00bbdefault\u00bb width=\u00bb60%\u00bb global_colors_info=\u00bb{}\u00bb][\/et_pb_image][et_pb_text _builder_version=\u00bb4.24.2&#8243; text_font=\u00bbLato||||||||\u00bb text_font_size=\u00bb16px\u00bb text_line_height=\u00bb2em\u00bb header_2_font=\u00bbRubik|700||on|||||\u00bb header_2_text_align=\u00bbleft\u00bb header_2_font_size=\u00bb23px\u00bb header_2_letter_spacing=\u00bb1px\u00bb header_2_line_height=\u00bb1.3em\u00bb background_layout=\u00bbdark\u00bb custom_margin=\u00bb||0px|||\u00bb animation_style=\u00bbslide\u00bb animation_direction=\u00bbleft\u00bb header_2_font_size_tablet=\u00bb34px\u00bb header_2_font_size_phone=\u00bb24px\u00bb header_2_font_size_last_edited=\u00bbon|phone\u00bb locked=\u00bboff\u00bb global_colors_info=\u00bb{}\u00bb header_font_size__hover=\u00bb30px\u00bb header_font_size__hover_enabled=\u00bb30px\u00bb header_letter_spacing__hover=\u00bb0px\u00bb header_letter_spacing__hover_enabled=\u00bb0px\u00bb header_text_shadow_style__hover=\u00bbnone\u00bb header_text_shadow_style__hover_enabled=\u00bbnone\u00bb header_text_shadow_color__hover=\u00bbrgba(0,0,0,0.4)\u00bb header_text_shadow_color__hover_enabled=\u00bbrgba(0,0,0,0.4)\u00bb]<\/p>\n<h2><span data-sheets-root=\"1\" data-sheets-value=\"{\"1\":2,\"2\":\"Copywriting\"}\" data-sheets-userformat=\"{\"2\":513,\"3\":{\"1\":0},\"12\":0}\">Copywriting<\/span><\/h2>\n<p>[\/et_pb_text][et_pb_text _builder_version=\u00bb4.23.1&#8243; text_font=\u00bbLato||||||||\u00bb text_font_size=\u00bb19px\u00bb text_line_height=\u00bb2em\u00bb background_layout=\u00bbdark\u00bb animation_style=\u00bbfade\u00bb locked=\u00bboff\u00bb global_colors_info=\u00bb{}\u00bb]<\/p>\n<p><span data-sheets-root=\"1\" data-sheets-value=\"{\"1\":2,\"2\":\"Craft compelling content from the ground up with our Copywriting services. Our wordsmiths create impactful messages tailored to your target audience, ensuring your brand's voice is heard loud and clear.\"}\" data-sheets-userformat=\"{\"2\":769,\"3\":{\"1\":0},\"11\":4,\"12\":0}\">Elabora contenidos convincentes desde el principio con nuestros servicios de redacci\u00f3n de contenido. Nuestros redactores crean mensajes impactantes adaptados a tu p\u00fablico objetivo, garantizando que la voz de tu marca se oiga alto y claro. <\/span><\/p>\n<p>[\/et_pb_text][et_pb_button button_url=\u00bb@ET-DC@eyJkeW5hbWljIjp0cnVlLCJjb250ZW50IjoicG9zdF9saW5rX3VybF9wYWdlIiwic2V0dGluZ3MiOnsicG9zdF9pZCI6IjkwMSJ9fQ==@\u00bb button_text=\u00bbleer m\u00e1s\u00bb button_alignment=\u00bbright\u00bb _builder_version=\u00bb4.27.0&#8243; _dynamic_attributes=\u00bbbutton_url\u00bb custom_button=\u00bbon\u00bb button_text_size=\u00bb14px\u00bb button_text_color=\u00bb#091744&#8243; button_bg_color=\u00bb#fb8500&#8243; button_border_width=\u00bb0px\u00bb button_border_radius=\u00bb100px\u00bb button_letter_spacing=\u00bb1px\u00bb button_font=\u00bbRubik|500||on|||||\u00bb custom_padding=\u00bb16px|40px|16px|40px|true|true\u00bb hover_enabled=\u00bb0&#8243; button_letter_spacing_last_edited=\u00bboff|desktop\u00bb box_shadow_style=\u00bbpreset3&#8243; box_shadow_blur=\u00bb28px\u00bb box_shadow_color=\u00bbrgba(20,241,217,0.24)\u00bb locked=\u00bboff\u00bb global_colors_info=\u00bb{}\u00bb button_letter_spacing__hover=\u00bb2px\u00bb button_letter_spacing__hover_enabled=\u00bbon\u00bb sticky_enabled=\u00bb0&#8243; custom_margin=\u00bbauto||||false|false\u00bb][\/et_pb_button][\/et_pb_column][et_pb_column type=\u00bb1_3&#8243; _builder_version=\u00bb4.27.0&#8243; _module_preset=\u00bbdefault\u00bb global_colors_info=\u00bb{}\u00bb custom_css_main_element=\u00bbdisplay: flex;||flex-direction: column;\u00bb hover_enabled=\u00bb0&#8243; sticky_enabled=\u00bb0&#8243; background_color=\u00bbRGBA(255,255,255,0)\u00bb][et_pb_image src=\u00bbhttps:\/\/langwidelocalization.com\/wp-content\/uploads\/2024\/06\/blurb2_0001s_0019_IMG_1872.webp\u00bb title_text=\u00bbblurb2_0001s_0019_IMG_1872&#8243; align=\u00bbcenter\u00bb _builder_version=\u00bb4.25.1&#8243; _module_preset=\u00bbdefault\u00bb width=\u00bb60%\u00bb global_colors_info=\u00bb{}\u00bb][\/et_pb_image][et_pb_text _builder_version=\u00bb4.24.0&#8243; text_font=\u00bbLato||||||||\u00bb text_font_size=\u00bb16px\u00bb text_line_height=\u00bb2em\u00bb header_2_font=\u00bbRubik|700||on|||||\u00bb header_2_text_align=\u00bbleft\u00bb header_2_font_size=\u00bb23px\u00bb header_2_letter_spacing=\u00bb1px\u00bb header_2_line_height=\u00bb1.3em\u00bb background_layout=\u00bbdark\u00bb custom_margin=\u00bb||0px|||\u00bb animation_style=\u00bbslide\u00bb animation_direction=\u00bbleft\u00bb header_2_font_size_tablet=\u00bb34px\u00bb header_2_font_size_phone=\u00bb24px\u00bb header_2_font_size_last_edited=\u00bbon|phone\u00bb locked=\u00bboff\u00bb global_colors_info=\u00bb{}\u00bb header_font_size__hover=\u00bb30px\u00bb header_font_size__hover_enabled=\u00bb30px\u00bb header_letter_spacing__hover=\u00bb0px\u00bb header_letter_spacing__hover_enabled=\u00bb0px\u00bb header_text_shadow_style__hover=\u00bbnone\u00bb header_text_shadow_style__hover_enabled=\u00bbnone\u00bb header_text_shadow_color__hover=\u00bbrgba(0,0,0,0.4)\u00bb header_text_shadow_color__hover_enabled=\u00bbrgba(0,0,0,0.4)\u00bb]<\/p>\n<h2><span data-sheets-root=\"1\" data-sheets-value=\"{\"1\":2,\"2\":\"Transcreation\"}\" data-sheets-userformat=\"{\"2\":513,\"3\":{\"1\":0},\"12\":0}\">Transcreaci\u00f3n<\/span><\/h2>\n<p>[\/et_pb_text][et_pb_text _builder_version=\u00bb4.24.2&#8243; text_font=\u00bbLato||||||||\u00bb text_font_size=\u00bb19px\u00bb text_line_height=\u00bb2em\u00bb background_layout=\u00bbdark\u00bb animation_style=\u00bbfade\u00bb locked=\u00bboff\u00bb global_colors_info=\u00bb{}\u00bb]<\/p>\n<p><span data-sheets-root=\"1\" data-sheets-value=\"{\"1\":2,\"2\":\"Go beyond mere translation with our Transcreation services. We adapt your content, preserving its emotional impact and cultural relevance across diverse markets.\"}\" data-sheets-userformat=\"{\"2\":769,\"3\":{\"1\":0},\"11\":4,\"12\":0}\">Ve m\u00e1s all\u00e1 de la mera traducci\u00f3n con nuestros servicios de Transcreaci\u00f3n. Adaptamos tu contenido, preservando su impacto emocional y su relevancia cultural en diversos mercados. <\/span><\/p>\n<p>[\/et_pb_text][et_pb_button button_url=\u00bb@ET-DC@eyJkeW5hbWljIjp0cnVlLCJjb250ZW50IjoicG9zdF9saW5rX3VybF9wYWdlIiwic2V0dGluZ3MiOnsicG9zdF9pZCI6IjkxMCJ9fQ==@\u00bb button_text=\u00bbleer m\u00e1s\u00bb button_alignment=\u00bbright\u00bb _builder_version=\u00bb4.27.0&#8243; _dynamic_attributes=\u00bbbutton_url\u00bb custom_button=\u00bbon\u00bb button_text_size=\u00bb14px\u00bb button_text_color=\u00bb#091744&#8243; button_bg_color=\u00bb#fb8500&#8243; button_border_width=\u00bb0px\u00bb button_border_radius=\u00bb100px\u00bb button_letter_spacing=\u00bb1px\u00bb button_font=\u00bbRubik|500||on|||||\u00bb custom_padding=\u00bb16px|40px|16px|40px|true|true\u00bb hover_enabled=\u00bb0&#8243; button_letter_spacing_last_edited=\u00bboff|desktop\u00bb box_shadow_style=\u00bbpreset3&#8243; box_shadow_blur=\u00bb28px\u00bb box_shadow_color=\u00bbrgba(20,241,217,0.24)\u00bb locked=\u00bboff\u00bb global_colors_info=\u00bb{}\u00bb button_letter_spacing__hover=\u00bb2px\u00bb button_letter_spacing__hover_enabled=\u00bbon\u00bb sticky_enabled=\u00bb0&#8243; custom_margin=\u00bbauto||||false|false\u00bb custom_css_main_element=\u00bbdisplay: flex;||flex-direction: column;\u00bb][\/et_pb_button][\/et_pb_column][et_pb_column type=\u00bb1_3&#8243; _builder_version=\u00bb4.27.0&#8243; _module_preset=\u00bbdefault\u00bb hover_enabled=\u00bb0&#8243; global_colors_info=\u00bb{}\u00bb custom_css_main_element=\u00bbdisplay: flex;||flex-direction: column;\u00bb sticky_enabled=\u00bb0&#8243;][\/et_pb_column][\/et_pb_row][\/et_pb_section][et_pb_section fb_built=\u00bb1&#8243; admin_label=\u00bbFooter\u00bb _builder_version=\u00bb4.23.1&#8243; background_color=\u00bb#023047&#8243; use_background_color_gradient=\u00bbon\u00bb background_color_gradient_stops=\u00bb#023047 0%|rgba(9,23,68,0) 100%\u00bb background_color_gradient_overlays_image=\u00bbon\u00bb background_color_gradient_start=\u00bb#091744&#8243; background_color_gradient_end=\u00bbrgba(9,23,68,0)\u00bb background_enable_image=\u00bboff\u00bb custom_padding=\u00bb6vw|0px|16vw|0px|false|false\u00bb global_colors_info=\u00bb{}\u00bb][et_pb_row column_structure=\u00bb3_4,1_4&#8243; custom_padding_last_edited=\u00bbon|phone\u00bb padding_top_bottom_link_1=\u00bbtrue\u00bb padding_left_right_link_1=\u00bbtrue\u00bb module_class=\u00bb et_pb_row_fullwidth\u00bb _builder_version=\u00bb4.23.1&#8243; use_background_color_gradient=\u00bbon\u00bb background_color_gradient_direction=\u00bb210deg\u00bb background_color_gradient_stops=\u00bb#00b0db 0%|#1a448b 100%\u00bb background_color_gradient_start=\u00bb#00b0db\u00bb background_color_gradient_end=\u00bb#1a448b\u00bb width=\u00bb89%\u00bb width_tablet=\u00bb80%\u00bb width_phone=\u00bb80%\u00bb width_last_edited=\u00bbon|desktop\u00bb max_width=\u00bb89%\u00bb max_width_tablet=\u00bb80%\u00bb max_width_phone=\u00bb80%\u00bb max_width_last_edited=\u00bbon|desktop\u00bb custom_padding=\u00bb60px|60px|60px|60px|true|true\u00bb custom_padding_tablet=\u00bb\u00bb custom_padding_phone=\u00bb40px|40px|40px|40px|true|true\u00bb animation_style=\u00bbzoom\u00bb animation_direction=\u00bbbottom\u00bb border_radii=\u00bbon|10px|10px|10px|10px\u00bb box_shadow_style=\u00bbpreset7&#8243; box_shadow_horizontal=\u00bb0px\u00bb box_shadow_vertical=\u00bb3px\u00bb box_shadow_color=\u00bbrgba(255,255,255,0.21)\u00bb make_fullwidth=\u00bbon\u00bb custom_width_px__hover=\u00bb1080px\u00bb custom_width_px__hover_enabled=\u00bb1080px\u00bb custom_width_percent__hover=\u00bb80%\u00bb custom_width_percent__hover_enabled=\u00bb80%\u00bb global_colors_info=\u00bb{}\u00bb make_fullwidth__hover=\u00bboff\u00bb make_fullwidth__hover_enabled=\u00bboff\u00bb use_custom_width__hover=\u00bboff\u00bb use_custom_width__hover_enabled=\u00bboff\u00bb width_unit__hover=\u00bbon\u00bb width_unit__hover_enabled=\u00bbon\u00bb use_custom_gutter__hover=\u00bboff\u00bb use_custom_gutter__hover_enabled=\u00bboff\u00bb gutter_width__hover=\u00bb3&#8243; gutter_width__hover_enabled=\u00bb3&#8243; make_equal__hover=\u00bboff\u00bb make_equal__hover_enabled=\u00bboff\u00bb][et_pb_column type=\u00bb3_4&#8243; _builder_version=\u00bb4.16&#8243; custom_padding=\u00bb|||\u00bb global_colors_info=\u00bb{}\u00bb custom_padding__hover=\u00bb|||\u00bb][et_pb_divider color=\u00bb#E09900&#8243; divider_weight=\u00bb4px\u00bb _builder_version=\u00bb4.16&#8243; max_width=\u00bb80px\u00bb height=\u00bb4px\u00bb locked=\u00bboff\u00bb global_colors_info=\u00bb{}\u00bb][\/et_pb_divider][et_pb_text _builder_version=\u00bb4.16&#8243; text_font=\u00bbLato||||||||\u00bb text_font_size=\u00bb16px\u00bb text_line_height=\u00bb2em\u00bb header_2_font=\u00bbRubik|700||on|||||\u00bb header_2_font_size=\u00bb44px\u00bb header_2_letter_spacing=\u00bb1px\u00bb header_2_line_height=\u00bb1.3em\u00bb background_layout=\u00bbdark\u00bb header_2_font_size_tablet=\u00bb34px\u00bb header_2_font_size_phone=\u00bb24px\u00bb header_2_font_size_last_edited=\u00bbon|phone\u00bb locked=\u00bboff\u00bb global_colors_info=\u00bb{}\u00bb header_font_size__hover=\u00bb30px\u00bb header_font_size__hover_enabled=\u00bb30px\u00bb header_letter_spacing__hover=\u00bb0px\u00bb header_letter_spacing__hover_enabled=\u00bb0px\u00bb header_text_shadow_style__hover=\u00bbnone\u00bb header_text_shadow_style__hover_enabled=\u00bbnone\u00bb header_text_shadow_color__hover=\u00bbrgba(0,0,0,0.4)\u00bb header_text_shadow_color__hover_enabled=\u00bbrgba(0,0,0,0.4)\u00bb]<\/p>\n<h2>\u00danete al equipo. <\/h2>\n<p>[\/et_pb_text][\/et_pb_column][et_pb_column type=\u00bb1_4&#8243; _builder_version=\u00bb4.16&#8243; custom_padding=\u00bb48px|||\u00bb custom_padding_tablet=\u00bb0px|||||\u00bb custom_padding_phone=\u00bb0px|||||\u00bb custom_padding_last_edited=\u00bbon|desktop\u00bb global_colors_info=\u00bb{}\u00bb padding_tablet=\u00bb0px|||||\u00bb padding_last_edited=\u00bbon|desktop\u00bb custom_padding__hover=\u00bb|||\u00bb padding_phone=\u00bb0px|||||\u00bb][et_pb_button button_url=\u00bb@ET-DC@eyJkeW5hbWljIjp0cnVlLCJjb250ZW50IjoicG9zdF9saW5rX3VybF9wYWdlIiwic2V0dGluZ3MiOnsicG9zdF9pZCI6IjExNjMifX0=@\u00bb button_text=\u00bbCONT\u00c1CTANOS\u00bb button_alignment=\u00bbright\u00bb _builder_version=\u00bb4.27.0&#8243; _dynamic_attributes=\u00bbbutton_url\u00bb custom_button=\u00bbon\u00bb button_text_size=\u00bb14px\u00bb button_text_color=\u00bb#091744&#8243; button_bg_color=\u00bb#fb8500&#8243; button_border_width=\u00bb0px\u00bb button_border_radius=\u00bb100px\u00bb button_letter_spacing=\u00bb1px\u00bb button_font=\u00bbRubik|500||on|||||\u00bb custom_padding=\u00bb16px|40px|16px|40px|true|true\u00bb button_letter_spacing_last_edited=\u00bboff|desktop\u00bb box_shadow_style=\u00bbpreset3&#8243; box_shadow_blur=\u00bb28px\u00bb box_shadow_color=\u00bbrgba(20,241,217,0.24)\u00bb locked=\u00bboff\u00bb global_colors_info=\u00bb{}\u00bb button_letter_spacing__hover=\u00bb2px\u00bb button_letter_spacing__hover_enabled=\u00bbon\u00bb][\/et_pb_button][\/et_pb_column][\/et_pb_row][\/et_pb_section]<\/p>\n","protected":false},"excerpt":{"rendered":"<p>Creaci\u00f3n de contenidos\u00a1Crea historias atractivas para una audiencia global con nuestra experiencia en creaci\u00f3n de contenidos!Aspirantes a creadores de contenidos y directores de marketing, sumerg\u00edos en el arte de la narraci\u00f3n con impacto. Nuestros servicios de creaci\u00f3n de contenidos van m\u00e1s all\u00e1 de las barreras ling\u00fc\u00edsticas, ofreciendo copywriting a medida y transcreaci\u00f3n. Tanto si est\u00e1s [&hellip;]<\/p>\n","protected":false},"author":2,"featured_media":0,"parent":0,"menu_order":0,"comment_status":"closed","ping_status":"closed","template":"","meta":{"_et_pb_use_builder":"on","_et_pb_old_content":"","_et_gb_content_width":"","content-type":"","footnotes":""},"class_list":["post-932","page","type-page","status-publish","hentry"],"yoast_head":"<!-- This site is optimized with the Yoast SEO plugin v27.4 - https:\/\/yoast.com\/product\/yoast-seo-wordpress\/ -->\n<title>Creaci\u00f3n de contenidos - Langwide Localization Solutions<\/title>\n<meta name=\"robots\" content=\"index, follow, max-snippet:-1, max-image-preview:large, max-video-preview:-1\" \/>\n<link rel=\"canonical\" href=\"https:\/\/langwidelocalization.com\/es\/creacion-de-contenidos\/\" \/>\n<meta property=\"og:locale\" content=\"es_ES\" \/>\n<meta property=\"og:type\" content=\"article\" \/>\n<meta property=\"og:title\" content=\"Creaci\u00f3n de contenidos - Langwide Localization Solutions\" \/>\n<meta property=\"og:description\" content=\"Creaci\u00f3n de contenidos\u00a1Crea historias atractivas para una audiencia global con nuestra experiencia en creaci\u00f3n de contenidos!Aspirantes a creadores de contenidos y directores de marketing, sumerg\u00edos en el arte de la narraci\u00f3n con impacto. Nuestros servicios de creaci\u00f3n de contenidos van m\u00e1s all\u00e1 de las barreras ling\u00fc\u00edsticas, ofreciendo copywriting a medida y transcreaci\u00f3n. Tanto si est\u00e1s [&hellip;]\" \/>\n<meta property=\"og:url\" content=\"https:\/\/langwidelocalization.com\/es\/creacion-de-contenidos\/\" \/>\n<meta property=\"og:site_name\" content=\"Langwide Localization Solutions\" \/>\n<meta property=\"article:modified_time\" content=\"2024-09-25T20:37:28+00:00\" \/>\n<meta name=\"twitter:card\" content=\"summary_large_image\" \/>\n<meta name=\"twitter:label1\" content=\"Tiempo de lectura\" \/>\n\t<meta name=\"twitter:data1\" content=\"3 minutos\" \/>\n<script type=\"application\/ld+json\" class=\"yoast-schema-graph\">{\"@context\":\"https:\\\/\\\/schema.org\",\"@graph\":[{\"@type\":\"WebPage\",\"@id\":\"https:\\\/\\\/langwidelocalization.com\\\/es\\\/creacion-de-contenidos\\\/\",\"url\":\"https:\\\/\\\/langwidelocalization.com\\\/es\\\/creacion-de-contenidos\\\/\",\"name\":\"Creaci\u00f3n de contenidos - Langwide Localization Solutions\",\"isPartOf\":{\"@id\":\"https:\\\/\\\/langwidelocalization.com\\\/#website\"},\"datePublished\":\"2024-03-18T11:12:33+00:00\",\"dateModified\":\"2024-09-25T20:37:28+00:00\",\"breadcrumb\":{\"@id\":\"https:\\\/\\\/langwidelocalization.com\\\/es\\\/creacion-de-contenidos\\\/#breadcrumb\"},\"inLanguage\":\"es\",\"potentialAction\":[{\"@type\":\"ReadAction\",\"target\":[\"https:\\\/\\\/langwidelocalization.com\\\/es\\\/creacion-de-contenidos\\\/\"]}]},{\"@type\":\"BreadcrumbList\",\"@id\":\"https:\\\/\\\/langwidelocalization.com\\\/es\\\/creacion-de-contenidos\\\/#breadcrumb\",\"itemListElement\":[{\"@type\":\"ListItem\",\"position\":1,\"name\":\"Home\",\"item\":\"https:\\\/\\\/langwidelocalization.com\\\/es\\\/\"},{\"@type\":\"ListItem\",\"position\":2,\"name\":\"Creaci\u00f3n de contenidos\"}]},{\"@type\":\"WebSite\",\"@id\":\"https:\\\/\\\/langwidelocalization.com\\\/#website\",\"url\":\"https:\\\/\\\/langwidelocalization.com\\\/\",\"name\":\"Langwide Localization Solutions\",\"description\":\"\",\"potentialAction\":[{\"@type\":\"SearchAction\",\"target\":{\"@type\":\"EntryPoint\",\"urlTemplate\":\"https:\\\/\\\/langwidelocalization.com\\\/?s={search_term_string}\"},\"query-input\":{\"@type\":\"PropertyValueSpecification\",\"valueRequired\":true,\"valueName\":\"search_term_string\"}}],\"inLanguage\":\"es\"}]}<\/script>\n<!-- \/ Yoast SEO plugin. -->","yoast_head_json":{"title":"Creaci\u00f3n de contenidos - Langwide Localization Solutions","robots":{"index":"index","follow":"follow","max-snippet":"max-snippet:-1","max-image-preview":"max-image-preview:large","max-video-preview":"max-video-preview:-1"},"canonical":"https:\/\/langwidelocalization.com\/es\/creacion-de-contenidos\/","og_locale":"es_ES","og_type":"article","og_title":"Creaci\u00f3n de contenidos - Langwide Localization Solutions","og_description":"Creaci\u00f3n de contenidos\u00a1Crea historias atractivas para una audiencia global con nuestra experiencia en creaci\u00f3n de contenidos!Aspirantes a creadores de contenidos y directores de marketing, sumerg\u00edos en el arte de la narraci\u00f3n con impacto. Nuestros servicios de creaci\u00f3n de contenidos van m\u00e1s all\u00e1 de las barreras ling\u00fc\u00edsticas, ofreciendo copywriting a medida y transcreaci\u00f3n. Tanto si est\u00e1s [&hellip;]","og_url":"https:\/\/langwidelocalization.com\/es\/creacion-de-contenidos\/","og_site_name":"Langwide Localization Solutions","article_modified_time":"2024-09-25T20:37:28+00:00","twitter_card":"summary_large_image","twitter_misc":{"Tiempo de lectura":"3 minutos"},"schema":{"@context":"https:\/\/schema.org","@graph":[{"@type":"WebPage","@id":"https:\/\/langwidelocalization.com\/es\/creacion-de-contenidos\/","url":"https:\/\/langwidelocalization.com\/es\/creacion-de-contenidos\/","name":"Creaci\u00f3n de contenidos - Langwide Localization Solutions","isPartOf":{"@id":"https:\/\/langwidelocalization.com\/#website"},"datePublished":"2024-03-18T11:12:33+00:00","dateModified":"2024-09-25T20:37:28+00:00","breadcrumb":{"@id":"https:\/\/langwidelocalization.com\/es\/creacion-de-contenidos\/#breadcrumb"},"inLanguage":"es","potentialAction":[{"@type":"ReadAction","target":["https:\/\/langwidelocalization.com\/es\/creacion-de-contenidos\/"]}]},{"@type":"BreadcrumbList","@id":"https:\/\/langwidelocalization.com\/es\/creacion-de-contenidos\/#breadcrumb","itemListElement":[{"@type":"ListItem","position":1,"name":"Home","item":"https:\/\/langwidelocalization.com\/es\/"},{"@type":"ListItem","position":2,"name":"Creaci\u00f3n de contenidos"}]},{"@type":"WebSite","@id":"https:\/\/langwidelocalization.com\/#website","url":"https:\/\/langwidelocalization.com\/","name":"Langwide Localization Solutions","description":"","potentialAction":[{"@type":"SearchAction","target":{"@type":"EntryPoint","urlTemplate":"https:\/\/langwidelocalization.com\/?s={search_term_string}"},"query-input":{"@type":"PropertyValueSpecification","valueRequired":true,"valueName":"search_term_string"}}],"inLanguage":"es"}]}},"_links":{"self":[{"href":"https:\/\/langwidelocalization.com\/es\/wp-json\/wp\/v2\/pages\/932","targetHints":{"allow":["GET"]}}],"collection":[{"href":"https:\/\/langwidelocalization.com\/es\/wp-json\/wp\/v2\/pages"}],"about":[{"href":"https:\/\/langwidelocalization.com\/es\/wp-json\/wp\/v2\/types\/page"}],"author":[{"embeddable":true,"href":"https:\/\/langwidelocalization.com\/es\/wp-json\/wp\/v2\/users\/2"}],"replies":[{"embeddable":true,"href":"https:\/\/langwidelocalization.com\/es\/wp-json\/wp\/v2\/comments?post=932"}],"version-history":[{"count":8,"href":"https:\/\/langwidelocalization.com\/es\/wp-json\/wp\/v2\/pages\/932\/revisions"}],"predecessor-version":[{"id":1378,"href":"https:\/\/langwidelocalization.com\/es\/wp-json\/wp\/v2\/pages\/932\/revisions\/1378"}],"wp:attachment":[{"href":"https:\/\/langwidelocalization.com\/es\/wp-json\/wp\/v2\/media?parent=932"}],"curies":[{"name":"wp","href":"https:\/\/api.w.org\/{rel}","templated":true}]}}