{"id":954,"date":"2024-03-18T11:47:20","date_gmt":"2024-03-18T10:47:20","guid":{"rendered":"https:\/\/langwidelocalization.com\/sobre-nosotros\/"},"modified":"2024-09-26T13:01:08","modified_gmt":"2024-09-26T11:01:08","slug":"sobre-nosotros","status":"publish","type":"page","link":"https:\/\/langwidelocalization.com\/es\/sobre-nosotros\/","title":{"rendered":"Sobre nosotros"},"content":{"rendered":"<p>[et_pb_section fb_built=\u00bb1&#8243; admin_label=\u00bbHeader\u00bb _builder_version=\u00bb4.24.2&#8243; background_color=\u00bb#091744&#8243; use_background_color_gradient=\u00bbon\u00bb background_color_gradient_stops=\u00bb#091744 0%|#091744 100%\u00bb background_color_gradient_start=\u00bb#091744&#8243; background_color_gradient_end=\u00bb#091744&#8243; background_image=\u00bbhttps:\/\/langwidelocalization.com\/wp-content\/uploads\/2024\/03\/gaming-19.png\u00bb background_position=\u00bbbottom_center\u00bb custom_padding=\u00bb1vw||15vw||false|false\u00bb global_colors_info=\u00bb{}\u00bb][et_pb_row _builder_version=\u00bb4.16&#8243; global_colors_info=\u00bb{}\u00bb][et_pb_column type=\u00bb4_4&#8243; _builder_version=\u00bb4.16&#8243; custom_padding=\u00bb|||\u00bb global_colors_info=\u00bb{}\u00bb custom_padding__hover=\u00bb|||\u00bb][et_pb_text _builder_version=\u00bb4.16&#8243; text_font=\u00bbLato||||||||\u00bb text_font_size=\u00bb16px\u00bb text_line_height=\u00bb2em\u00bb header_font=\u00bbRubik|700||on|||||\u00bb header_font_size=\u00bb70px\u00bb header_line_height=\u00bb1.2em\u00bb text_orientation=\u00bbcenter\u00bb background_layout=\u00bbdark\u00bb header_font_size_tablet=\u00bb50px\u00bb header_font_size_phone=\u00bb40px\u00bb header_font_size_last_edited=\u00bbon|phone\u00bb global_colors_info=\u00bb{}\u00bb]<\/p>\n<h1>SOBRE NOSOTROS<\/h1>\n<p>[\/et_pb_text][et_pb_text _builder_version=\u00bb4.24.2&#8243; _module_preset=\u00bbdefault\u00bb text_text_color=\u00bb#FFFFFF\u00bb text_font_size=\u00bb18px\u00bb text_line_height=\u00bb1.8em\u00bb global_colors_info=\u00bb{}\u00bb]<\/p>\n<p><span data-sheets-root=\"1\" data-sheets-value=\"{\"1\":2,\"2\":\"Langwide Localization Services was created out of the frustration lived by many years working at different LSPs. These agencies claimed to be transparent and fair with both clients and translators. However, none of these were totally true and working from the inside one could see the cracks. At Langwide Localization services we are 100% clear that we couldn't live without our clients, our vendors, and our inhouse staff. In order to be totally fair and transparent, you need to let go of old paradigms. Our main mission is to educate both clients and vendors on the neverending changing industry that we work in. Technology is changing our lives, and we need to understand it will have an impact in the way we work. We offer the best of technology, without forgetting our human nature, intelect and kindness. We all live on the same world and show empathy to both sides of the coin. As an agency, we understand it is important to balance all our forces as well as our projects.\\n\\nAt Langwide, we show as we do. This is why you can see some samples of our work in our blog. This is why we care about the future of our industry and we give chances to young translators. This is why we always advise clients on best approaches, even though that means that we don't get as much as we could. This is why we are a niche for industries we care about.\"}\" data-sheets-userformat=\"{\"2\":769,\"3\":{\"1\":0},\"11\":4,\"12\":0}\">Langwide Localization Services se cre\u00f3 a partir de la frustraci\u00f3n vivida durante muchos a\u00f1os de trabajo en diferentes LSP. Estas agencias afirmaban ser transparentes y justas tanto con los clientes como con los proveedores. Sin embargo, nada de esto era totalmente cierto y trabajando desde dentro se ve\u00edan las grietas. En Langwide Localization Services tenemos claro al 100% que no podr\u00edamos vivir sin nuestros clientes, nuestros proveedores y nuestro personal interno. Para ser totalmente justos y transparentes, hay que desprenderse de viejos paradigmas. Nuestra misi\u00f3n principal es educar tanto a los clientes como a los proveedores sobre el sector en constante cambio en el que trabajamos. La tecnolog\u00eda est\u00e1 cambiando nuestras vidas, y tenemos que entender que repercutir\u00e1 en nuestra forma de trabajar. Ofrecemos lo mejor de la tecnolog\u00eda, sin olvidar nuestra naturaleza humana, intelecto y amabilidad. Todos vivimos en el mismo mundo y mostramos empat\u00eda hacia ambas caras de la moneda. Como agencia, entendemos que es importante equilibrar todas nuestras fuerzas, as\u00ed como nuestros proyectos.         <\/span><\/p>\n<p>En Langwide, mostramos lo que hacemos. Por eso puedes ver algunas muestras de nuestro trabajo en nuestro blog. Por eso nos preocupamos por el futuro de nuestro sector y damos oportunidades a los j\u00f3venes traductores. Por eso siempre aconsejamos a los clientes sobre los mejores enfoques, aunque eso signifique que no obtenemos tanto como podr\u00edamos. Por eso somos un nicho para las industrias que nos importan.    <\/p>\n<p>[\/et_pb_text][\/et_pb_column][\/et_pb_row][\/et_pb_section][et_pb_section fb_built=\u00bb1&#8243; admin_label=\u00bbAbout\u00bb _builder_version=\u00bb4.16&#8243; background_color=\u00bb#091744&#8243; background_image=\u00bbhttps:\/\/langwidelocalization.com\/wp-content\/uploads\/2024\/03\/gaming-22.png\u00bb background_size=\u00bbinitial\u00bb background_repeat=\u00bbrepeat\u00bb global_colors_info=\u00bb{}\u00bb parallax__hover=\u00bboff\u00bb parallax__hover_enabled=\u00bboff\u00bb parallax_method__hover=\u00bbon\u00bb parallax_method__hover_enabled=\u00bbon\u00bb background_size__hover=\u00bbcover\u00bb background_size__hover_enabled=\u00bbcover\u00bb background_position__hover=\u00bbcenter\u00bb background_position__hover_enabled=\u00bbcenter\u00bb background_repeat__hover=\u00bbno-repeat\u00bb background_repeat__hover_enabled=\u00bbno-repeat\u00bb background_blend__hover=\u00bbnormal\u00bb background_blend__hover_enabled=\u00bbnormal\u00bb box_shadow_style__hover=\u00bbnone\u00bb box_shadow_style__hover_enabled=\u00bbnone\u00bb box_shadow_color__hover=\u00bbrgba(0,0,0,0.3)\u00bb box_shadow_color__hover_enabled=\u00bbrgba(0,0,0,0.3)\u00bb][et_pb_row column_structure=\u00bb1_2,1_2&#8243; _builder_version=\u00bb4.24.2&#8243; max_width=\u00bb1290px\u00bb custom_padding=\u00bb0|0px|27px|0px|false|false\u00bb global_colors_info=\u00bb{}\u00bb][et_pb_column type=\u00bb1_2&#8243; _builder_version=\u00bb4.16&#8243; custom_padding=\u00bb|||\u00bb global_colors_info=\u00bb{}\u00bb custom_padding__hover=\u00bb|||\u00bb][et_pb_divider color=\u00bb#14f1d9&#8243; divider_weight=\u00bb4px\u00bb _builder_version=\u00bb4.16&#8243; max_width=\u00bb80px\u00bb height=\u00bb4px\u00bb global_colors_info=\u00bb{}\u00bb][\/et_pb_divider][et_pb_text _builder_version=\u00bb4.16&#8243; text_font=\u00bbLato||||||||\u00bb text_font_size=\u00bb16px\u00bb text_line_height=\u00bb2em\u00bb header_font=\u00bb||||||||\u00bb header_2_font=\u00bbRubik|700||on|||||\u00bb header_2_font_size=\u00bb44px\u00bb header_2_letter_spacing=\u00bb1px\u00bb header_2_line_height=\u00bb1.3em\u00bb background_layout=\u00bbdark\u00bb custom_margin=\u00bb||19px|||\u00bb header_2_font_size_tablet=\u00bb34px\u00bb header_2_font_size_phone=\u00bb24px\u00bb header_2_font_size_last_edited=\u00bbon|phone\u00bb global_colors_info=\u00bb{}\u00bb header_font_size__hover=\u00bb30px\u00bb header_font_size__hover_enabled=\u00bb30px\u00bb header_letter_spacing__hover=\u00bb0px\u00bb header_letter_spacing__hover_enabled=\u00bb0px\u00bb header_text_shadow_style__hover=\u00bbnone\u00bb header_text_shadow_style__hover_enabled=\u00bbnone\u00bb header_text_shadow_color__hover=\u00bbrgba(0,0,0,0.4)\u00bb header_text_shadow_color__hover_enabled=\u00bbrgba(0,0,0,0.4)\u00bb]<\/p>\n<h2>Su fundadora<\/h2>\n<p><span data-sheets-root=\"1\" data-sheets-value=\"{\" 1=\"\" :2=\"\" 2=\"\" :=\"\" meet=\"\" luc=\"\" a=\"\" guti=\"\" rrez=\"\" franco=\"\" dynamic=\"\" project=\"\" and=\"\" office=\"\" manager=\"\" with=\"\" passion=\"\" for=\"\" delivering=\"\" exceptional=\"\" localization=\"\" solutions=\"\" keen=\"\" eye=\"\" detail=\"\" knack=\"\" problem-solving=\"\" brings=\"\" wealth=\"\" of=\"\" experience=\"\" in=\"\" managing=\"\" diverse=\"\" projects=\"\" across=\"\" various=\"\" industries=\"\" n=\"\" nas=\"\" seasoned=\"\" professional=\"\" has=\"\" successfully=\"\" spearheaded=\"\" content=\"\" endeavors=\"\" leading=\"\" brands=\"\" the=\"\" entertainment=\"\" travel=\"\" marketing=\"\" spheres=\"\" her=\"\" expertise=\"\" lies=\"\" coordinating=\"\" dubbing=\"\" ensuring=\"\" linguistic=\"\" accuracy=\"\" optimizing=\"\" workflows=\"\" to=\"\" tight=\"\" deadlines=\"\" s=\"\" adept=\"\" negotiation=\"\" skills=\"\" have=\"\" enabled=\"\" forge=\"\" strong=\"\" partnerships=\"\" professionals=\"\" worldwide=\"\" while=\"\" commitment=\"\" quality=\"\" assurance=\"\" guarantees=\"\" unparalleled=\"\" results=\"\" nprior=\"\" current=\"\" role=\"\" held=\"\" pivotal=\"\" positions=\"\" international=\"\" firms=\"\" where=\"\" she=\"\" honed=\"\" leadership=\"\" abilities=\"\" cultivated=\"\" deep=\"\" understanding=\"\" client=\"\" needs=\"\" from=\"\" multi-disciplinary=\"\" teams=\"\" overseeing=\"\" budgetary=\"\" constraints=\"\" thrives=\"\" fast-paced=\"\" environments=\"\" innovative=\"\" that=\"\" drive=\"\" success=\"\" nluc=\"\" holds=\"\" master=\"\" degree=\"\" audiovisual=\"\" translation=\"\" university=\"\" leeds=\"\" bachelor=\"\" interpreting=\"\" basque=\"\" country=\"\" fluent=\"\" spanish=\"\" english=\"\" medium=\"\" level=\"\" russian=\"\" french=\"\" embodies=\"\" global=\"\" mindset=\"\" essential=\"\" today=\"\" interconnected=\"\" market=\"\" noutside=\"\" pursuits=\"\" finds=\"\" solace=\"\" music=\"\" spirituality=\"\" nature=\"\" whether=\"\" exploring=\"\" hiking=\"\" trails=\"\" or=\"\" diving=\"\" into=\"\" new=\"\" challenges=\"\" approaches=\"\" life=\"\" sense=\"\" curiosity=\"\" resilience=\"\" this=\"\" made=\"\" live=\"\" many=\"\" different=\"\" countries=\"\" young=\"\" age=\"\" learnt=\"\" value=\"\" multicultural=\"\" world=\"\" between=\"\" societies=\"\" nlast=\"\" but=\"\" not=\"\" least=\"\" shares=\"\" daugher=\"\" another=\"\" mother=\"\" named=\"\" tronca=\"\" pot=\"\" belly=\"\" pig=\"\" is=\"\" love=\"\" surely=\"\" you=\"\" will=\"\" get=\"\" know=\"\" working=\"\" lucia=\"\" as=\"\" tends=\"\" be=\"\" by=\"\" side=\"\" most=\"\" time=\"\" nconnect=\"\" explore=\"\" collaboration=\"\" opportunities=\"\" unlock=\"\" full=\"\" potential=\"\" your=\"\" data-sheets-userformat=\"{\" :769=\"\" 3=\"\" :0=\"\" 11=\"\" :4=\"\" 12=\"\">Te presentamos a Luc\u00eda Guti\u00e9rrez Franco, una din\u00e1mica Gestora de Proyectos apasionada por ofrecer soluciones de localizaci\u00f3n excepcionales. Con un gran ojo para los detalles y un don para la resoluci\u00f3n de problemas, aporta una gran experiencia en la gesti\u00f3n de diversos proyectos en varios sectores. <\/span><\/p>\n<p>Como profesional experimentada, Luc\u00eda ha dirigido con \u00e9xito proyectos de localizaci\u00f3n de contenidos para marcas l\u00edderes en los \u00e1mbitos del entretenimiento, los viajes y el marketing. Es experta en coordinar proyectos de doblaje, garantizar precisi\u00f3n ling\u00fc\u00edstica y optimizar los flujos de trabajo para cumplir plazos ajustados. Su gran capacidad de negociaci\u00f3n le ha permitido forjar s\u00f3lidas alianzas con profesionales de la localizaci\u00f3n de todo el mundo, mientras que su compromiso con el control de calidad garantiza unos resultados inigualables.<\/p>\n<p>Antes de su puesto actual, Luc\u00eda ocup\u00f3 puestos clave en empresas internacionales de localizaci\u00f3n, donde perfeccion\u00f3 su capacidad de liderazgo y cultiv\u00f3 un profundo conocimiento de las necesidades del cliente. Desde la gesti\u00f3n de equipos multidisciplinares hasta la supervisi\u00f3n de las limitaciones presupuestarias, se desenvuelve con soltura en entornos de ritmo r\u00e1pido, ofreciendo soluciones innovadoras que impulsan el \u00e9xito del cliente.<\/p>\n<p>Luc\u00eda tiene un M\u00e1ster en Traducci\u00f3n Audiovisual por la Universidad de Leeds y es Licenciada en Traducci\u00f3n e Interpretaci\u00f3n por la Universidad del Pa\u00eds Vasco. Domina el espa\u00f1ol y el ingl\u00e9s, y tiene conocimientos de ruso y franc\u00e9s, por lo que encarna una mentalidad global esencial para el mercado interconectado de hoy en d\u00eda.<\/p>\n<p>Fuera de sus actividades profesionales, Luc\u00eda encuentra consuelo en el arte, la espiritualidad y la naturaleza. Tanto si explora rutas de senderismo como si se sumerge en nuevos retos, afronta la vida con un sentido de curiosidad y resiliencia. Esto la ha hecho vivir en muchos pa\u00edses diferentes desde muy joven, donde aprendi\u00f3 el valor de un mundo multicultural y el entendimiento entre sociedades. De hecho, \u00a1todas las fotos tomadas para la web las ha hecho ella!<\/p>\n<p>Por \u00faltimo, pero no por ello menos importante, Luc\u00eda comparte su vida con su \u00abhija de otra madre\u00bb llamada Tronca, una cerda vietnamita que es el amor de su vida y a la que seguramente llegar\u00e1s a conocer mientras trabajas con ella, \u00a1ya que suele estar a su lado la mayor parte del tiempo!<\/p>\n<p>Contacta con Luc\u00eda Guti\u00e9rrez Franco para explorar oportunidades de colaboraci\u00f3n y liberar todo el potencial de tus proyectos de localizaci\u00f3n.<\/p>\n<p>[\/et_pb_text][et_pb_social_media_follow _builder_version=\u00bb4.24.2&#8243; _module_preset=\u00bbdefault\u00bb custom_margin=\u00bb-8px|||||\u00bb global_colors_info=\u00bb{}\u00bb][et_pb_social_media_follow_network social_network=\u00bblinkedin\u00bb _builder_version=\u00bb4.24.2&#8243; _module_preset=\u00bbdefault\u00bb background_color=\u00bb#007bb6&#8243; global_colors_info=\u00bb{}\u00bb follow_button=\u00bboff\u00bb url_new_window=\u00bbon\u00bb]linkedin[\/et_pb_social_media_follow_network][et_pb_social_media_follow_network _builder_version=\u00bb4.24.2&#8243; _module_preset=\u00bbdefault\u00bb global_colors_info=\u00bb{}\u00bb follow_button=\u00bboff\u00bb url_new_window=\u00bbon\u00bb][\/et_pb_social_media_follow_network][\/et_pb_social_media_follow][\/et_pb_column][et_pb_column type=\u00bb1_2&#8243; _builder_version=\u00bb4.16&#8243; custom_padding=\u00bb|||\u00bb global_colors_info=\u00bb{}\u00bb custom_padding__hover=\u00bb|||\u00bb][dipl_floating_image disabled_on=\u00bbon|off|off\u00bb _builder_version=\u00bb4.24.2&#8243; _module_preset=\u00bbdefault\u00bb custom_margin=\u00bb16.7%||||false|false\u00bb custom_margin_tablet=\u00bb47%||||false|false\u00bb custom_margin_phone=\u00bb47%||||false|false\u00bb custom_margin_last_edited=\u00bbon|desktop\u00bb global_colors_info=\u00bb{}\u00bb][dipl_floating_image_item image=\u00bbhttps:\/\/langwidelocalization.com\/wp-content\/uploads\/2024\/03\/IMG_4738-scaled.webp\u00bb _builder_version=\u00bb4.24.2&#8243; _module_preset=\u00bbdefault\u00bb global_colors_info=\u00bb{}\u00bb][\/dipl_floating_image_item][\/dipl_floating_image][dipl_floating_image disabled_on=\u00bbon|off|off\u00bb _builder_version=\u00bb4.24.2&#8243; _module_preset=\u00bbdefault\u00bb custom_margin=\u00bb10.3%||||false|false\u00bb custom_margin_tablet=\u00bb10.3%||||false|false\u00bb custom_margin_phone=\u00bb10.3%||||false|false\u00bb custom_margin_last_edited=\u00bbon|desktop\u00bb global_colors_info=\u00bb{}\u00bb][dipl_floating_image_item image=\u00bbhttps:\/\/langwidelocalization.com\/wp-content\/uploads\/2024\/03\/IMG_5288-scaled.webp\u00bb _builder_version=\u00bb4.24.2&#8243; _module_preset=\u00bbdefault\u00bb global_colors_info=\u00bb{}\u00bb][\/dipl_floating_image_item][\/dipl_floating_image][\/et_pb_column][\/et_pb_row][et_pb_row _builder_version=\u00bb4.24.2&#8243; _module_preset=\u00bbdefault\u00bb global_colors_info=\u00bb{}\u00bb][et_pb_column type=\u00bb4_4&#8243; _builder_version=\u00bb4.24.2&#8243; _module_preset=\u00bbdefault\u00bb global_colors_info=\u00bb{}\u00bb][et_pb_divider color=\u00bb#14f1d9&#8243; divider_weight=\u00bb4px\u00bb _builder_version=\u00bb4.16&#8243; max_width=\u00bb80px\u00bb height=\u00bb4px\u00bb global_colors_info=\u00bb{}\u00bb][\/et_pb_divider][et_pb_text _builder_version=\u00bb4.24.2&#8243; _module_preset=\u00bbdefault\u00bb header_2_font=\u00bb|800|||||||\u00bb header_2_text_color=\u00bb#FFFFFF\u00bb header_2_font_size=\u00bb40px\u00bb global_colors_info=\u00bb{}\u00bb]<\/p>\n<h2>\u00bfMUY LARGO?<\/h2>\n<p>[\/et_pb_text][\/et_pb_column][\/et_pb_row][et_pb_row _builder_version=\u00bb4.25.1&#8243; _module_preset=\u00bbdefault\u00bb global_colors_info=\u00bb{}\u00bb][et_pb_column type=\u00bb4_4&#8243; _builder_version=\u00bb4.25.1&#8243; _module_preset=\u00bbdefault\u00bb global_colors_info=\u00bb{}\u00bb][et_pb_image src=\u00bbhttps:\/\/langwidelocalization.com\/wp-content\/uploads\/2024\/09\/triangulo-langwide.png\u00bb title_text=\u00bbtriangulo langwide\u00bb _builder_version=\u00bb4.27.0&#8243; _module_preset=\u00bbdefault\u00bb global_colors_info=\u00bb{}\u00bb][\/et_pb_image][\/et_pb_column][\/et_pb_row][\/et_pb_section]<\/p>\n","protected":false},"excerpt":{"rendered":"<p>SOBRE NOSOTROSLangwide Localization Services se cre\u00f3 a partir de la frustraci\u00f3n vivida durante muchos a\u00f1os de trabajo en diferentes LSP. Estas agencias afirmaban ser transparentes y justas tanto con los clientes como con los proveedores. Sin embargo, nada de esto era totalmente cierto y trabajando desde dentro se ve\u00edan las grietas. En Langwide Localization Services [&hellip;]<\/p>\n","protected":false},"author":2,"featured_media":0,"parent":0,"menu_order":0,"comment_status":"closed","ping_status":"closed","template":"","meta":{"_et_pb_use_builder":"on","_et_pb_old_content":"","_et_gb_content_width":"","content-type":"","footnotes":""},"class_list":["post-954","page","type-page","status-publish","hentry"],"yoast_head":"<!-- This site is optimized with the Yoast SEO plugin v27.4 - https:\/\/yoast.com\/product\/yoast-seo-wordpress\/ -->\n<title>Sobre nosotros - Langwide Localization Solutions<\/title>\n<meta name=\"robots\" content=\"index, follow, max-snippet:-1, max-image-preview:large, max-video-preview:-1\" \/>\n<link rel=\"canonical\" href=\"https:\/\/langwidelocalization.com\/about-us\/\" \/>\n<meta property=\"og:locale\" content=\"es_ES\" \/>\n<meta property=\"og:type\" content=\"article\" \/>\n<meta property=\"og:title\" content=\"Sobre nosotros - Langwide Localization Solutions\" \/>\n<meta property=\"og:description\" content=\"SOBRE NOSOTROSLangwide Localization Services se cre\u00f3 a partir de la frustraci\u00f3n vivida durante muchos a\u00f1os de trabajo en diferentes LSP. Estas agencias afirmaban ser transparentes y justas tanto con los clientes como con los proveedores. Sin embargo, nada de esto era totalmente cierto y trabajando desde dentro se ve\u00edan las grietas. En Langwide Localization Services [&hellip;]\" \/>\n<meta property=\"og:url\" content=\"https:\/\/langwidelocalization.com\/about-us\/\" \/>\n<meta property=\"og:site_name\" content=\"Langwide Localization Solutions\" \/>\n<meta property=\"article:modified_time\" content=\"2024-09-26T11:01:08+00:00\" \/>\n<meta name=\"twitter:card\" content=\"summary_large_image\" \/>\n<meta name=\"twitter:label1\" content=\"Tiempo de lectura\" \/>\n\t<meta name=\"twitter:data1\" content=\"7 minutos\" \/>\n<script type=\"application\/ld+json\" class=\"yoast-schema-graph\">{\"@context\":\"https:\\\/\\\/schema.org\",\"@graph\":[{\"@type\":\"WebPage\",\"@id\":\"https:\\\/\\\/langwidelocalization.com\\\/about-us\\\/\",\"url\":\"https:\\\/\\\/langwidelocalization.com\\\/about-us\\\/\",\"name\":\"Sobre nosotros - Langwide Localization Solutions\",\"isPartOf\":{\"@id\":\"https:\\\/\\\/langwidelocalization.com\\\/#website\"},\"datePublished\":\"2024-03-18T10:47:20+00:00\",\"dateModified\":\"2024-09-26T11:01:08+00:00\",\"breadcrumb\":{\"@id\":\"https:\\\/\\\/langwidelocalization.com\\\/about-us\\\/#breadcrumb\"},\"inLanguage\":\"es\",\"potentialAction\":[{\"@type\":\"ReadAction\",\"target\":[\"https:\\\/\\\/langwidelocalization.com\\\/about-us\\\/\"]}]},{\"@type\":\"BreadcrumbList\",\"@id\":\"https:\\\/\\\/langwidelocalization.com\\\/about-us\\\/#breadcrumb\",\"itemListElement\":[{\"@type\":\"ListItem\",\"position\":1,\"name\":\"Home\",\"item\":\"https:\\\/\\\/langwidelocalization.com\\\/es\\\/\"},{\"@type\":\"ListItem\",\"position\":2,\"name\":\"Sobre nosotros\"}]},{\"@type\":\"WebSite\",\"@id\":\"https:\\\/\\\/langwidelocalization.com\\\/#website\",\"url\":\"https:\\\/\\\/langwidelocalization.com\\\/\",\"name\":\"Langwide Localization Solutions\",\"description\":\"\",\"potentialAction\":[{\"@type\":\"SearchAction\",\"target\":{\"@type\":\"EntryPoint\",\"urlTemplate\":\"https:\\\/\\\/langwidelocalization.com\\\/?s={search_term_string}\"},\"query-input\":{\"@type\":\"PropertyValueSpecification\",\"valueRequired\":true,\"valueName\":\"search_term_string\"}}],\"inLanguage\":\"es\"}]}<\/script>\n<!-- \/ Yoast SEO plugin. -->","yoast_head_json":{"title":"Sobre nosotros - Langwide Localization Solutions","robots":{"index":"index","follow":"follow","max-snippet":"max-snippet:-1","max-image-preview":"max-image-preview:large","max-video-preview":"max-video-preview:-1"},"canonical":"https:\/\/langwidelocalization.com\/about-us\/","og_locale":"es_ES","og_type":"article","og_title":"Sobre nosotros - Langwide Localization Solutions","og_description":"SOBRE NOSOTROSLangwide Localization Services se cre\u00f3 a partir de la frustraci\u00f3n vivida durante muchos a\u00f1os de trabajo en diferentes LSP. Estas agencias afirmaban ser transparentes y justas tanto con los clientes como con los proveedores. Sin embargo, nada de esto era totalmente cierto y trabajando desde dentro se ve\u00edan las grietas. En Langwide Localization Services [&hellip;]","og_url":"https:\/\/langwidelocalization.com\/about-us\/","og_site_name":"Langwide Localization Solutions","article_modified_time":"2024-09-26T11:01:08+00:00","twitter_card":"summary_large_image","twitter_misc":{"Tiempo de lectura":"7 minutos"},"schema":{"@context":"https:\/\/schema.org","@graph":[{"@type":"WebPage","@id":"https:\/\/langwidelocalization.com\/about-us\/","url":"https:\/\/langwidelocalization.com\/about-us\/","name":"Sobre nosotros - Langwide Localization Solutions","isPartOf":{"@id":"https:\/\/langwidelocalization.com\/#website"},"datePublished":"2024-03-18T10:47:20+00:00","dateModified":"2024-09-26T11:01:08+00:00","breadcrumb":{"@id":"https:\/\/langwidelocalization.com\/about-us\/#breadcrumb"},"inLanguage":"es","potentialAction":[{"@type":"ReadAction","target":["https:\/\/langwidelocalization.com\/about-us\/"]}]},{"@type":"BreadcrumbList","@id":"https:\/\/langwidelocalization.com\/about-us\/#breadcrumb","itemListElement":[{"@type":"ListItem","position":1,"name":"Home","item":"https:\/\/langwidelocalization.com\/es\/"},{"@type":"ListItem","position":2,"name":"Sobre nosotros"}]},{"@type":"WebSite","@id":"https:\/\/langwidelocalization.com\/#website","url":"https:\/\/langwidelocalization.com\/","name":"Langwide Localization Solutions","description":"","potentialAction":[{"@type":"SearchAction","target":{"@type":"EntryPoint","urlTemplate":"https:\/\/langwidelocalization.com\/?s={search_term_string}"},"query-input":{"@type":"PropertyValueSpecification","valueRequired":true,"valueName":"search_term_string"}}],"inLanguage":"es"}]}},"_links":{"self":[{"href":"https:\/\/langwidelocalization.com\/es\/wp-json\/wp\/v2\/pages\/954","targetHints":{"allow":["GET"]}}],"collection":[{"href":"https:\/\/langwidelocalization.com\/es\/wp-json\/wp\/v2\/pages"}],"about":[{"href":"https:\/\/langwidelocalization.com\/es\/wp-json\/wp\/v2\/types\/page"}],"author":[{"embeddable":true,"href":"https:\/\/langwidelocalization.com\/es\/wp-json\/wp\/v2\/users\/2"}],"replies":[{"embeddable":true,"href":"https:\/\/langwidelocalization.com\/es\/wp-json\/wp\/v2\/comments?post=954"}],"version-history":[{"count":9,"href":"https:\/\/langwidelocalization.com\/es\/wp-json\/wp\/v2\/pages\/954\/revisions"}],"predecessor-version":[{"id":1450,"href":"https:\/\/langwidelocalization.com\/es\/wp-json\/wp\/v2\/pages\/954\/revisions\/1450"}],"wp:attachment":[{"href":"https:\/\/langwidelocalization.com\/es\/wp-json\/wp\/v2\/media?parent=954"}],"curies":[{"name":"wp","href":"https:\/\/api.w.org\/{rel}","templated":true}]}}